{"id":8,"date":"2023-04-17T07:07:27","date_gmt":"2023-04-17T07:07:27","guid":{"rendered":"http:\/\/www.tangomatto.fi\/index.php\/contact\/"},"modified":"2026-04-15T20:05:39","modified_gmt":"2026-04-15T18:05:39","slug":"menu","status":"publish","type":"page","link":"https:\/\/www.tangomatto.fi\/index.php\/menu\/","title":{"rendered":""},"content":{"rendered":"\t\t<div data-elementor-type=\"wp-page\" data-elementor-id=\"8\" class=\"elementor elementor-8\">\n\t\t\t\t\t\t<section class=\"elementor-section elementor-top-section elementor-element elementor-element-4b54b37e elementor-section-height-min-height elementor-section-stretched elementor-hidden-tablet elementor-hidden-mobile elementor-section-boxed elementor-section-height-default elementor-section-items-middle\" data-id=\"4b54b37e\" data-element_type=\"section\" data-e-type=\"section\" data-settings=\"{&quot;background_background&quot;:&quot;classic&quot;,&quot;stretch_section&quot;:&quot;section-stretched&quot;}\">\n\t\t\t\t\t\t\t<div class=\"elementor-background-overlay\"><\/div>\n\t\t\t\t\t\t\t<div class=\"elementor-container elementor-column-gap-default\">\n\t\t\t\t\t<div class=\"elementor-column elementor-col-100 elementor-top-column elementor-element elementor-element-f4c9577\" data-id=\"f4c9577\" data-element_type=\"column\" data-e-type=\"column\">\n\t\t\t<div class=\"elementor-widget-wrap\">\n\t\t\t\t\t\t\t<\/div>\n\t\t<\/div>\n\t\t\t\t\t<\/div>\n\t\t<\/section>\n\t\t\t\t<section class=\"elementor-section elementor-top-section elementor-element elementor-element-352dffa elementor-section-height-min-height elementor-section-boxed elementor-section-height-default elementor-section-items-middle\" data-id=\"352dffa\" data-element_type=\"section\" data-e-type=\"section\">\n\t\t\t\t\t\t\t<div class=\"elementor-background-overlay\"><\/div>\n\t\t\t\t\t\t\t<div class=\"elementor-container elementor-column-gap-custom\">\n\t\t\t\t\t<div class=\"elementor-column elementor-col-100 elementor-top-column elementor-element elementor-element-100921e\" data-id=\"100921e\" data-element_type=\"column\" data-e-type=\"column\">\n\t\t\t<div class=\"elementor-widget-wrap elementor-element-populated\">\n\t\t\t\t\t\t<div class=\"elementor-element elementor-element-1ecb07b elementor-widget elementor-widget-text-editor\" data-id=\"1ecb07b\" data-element_type=\"widget\" data-e-type=\"widget\" data-widget_type=\"text-editor.default\">\n\t\t\t\t<div class=\"elementor-widget-container\">\n\t\t\t\t\t\t\t\t\t<p style=\"font-weight: 300;\">Tervetuloa nauttimaan menustamme, joka tarjoaa huolella valitut ja <em>sesongin<\/em>\u00a0parhaista raaka-aineista valmistetut annokset.\u00a0<\/p><p style=\"font-weight: 300;\">Sama toteutuu salin puolella valittujen ja suunniteltujen juomien kera. Baarista loihdimme omilla siirapeilla maustetut <em>cocktailit<\/em>, jotka sopivat v\u00e4liin kuin v\u00e4liin.<\/p>\t\t\t\t\t\t\t\t<\/div>\n\t\t\t\t<\/div>\n\t\t\t\t<section class=\"elementor-section elementor-inner-section elementor-element elementor-element-0be9515 elementor-section-boxed elementor-section-height-default elementor-section-height-default\" data-id=\"0be9515\" data-element_type=\"section\" data-e-type=\"section\">\n\t\t\t\t\t\t<div class=\"elementor-container elementor-column-gap-default\">\n\t\t\t\t\t<div class=\"elementor-column elementor-col-100 elementor-inner-column elementor-element elementor-element-75df031\" data-id=\"75df031\" data-element_type=\"column\" data-e-type=\"column\">\n\t\t\t<div class=\"elementor-widget-wrap elementor-element-populated\">\n\t\t\t\t\t\t<div class=\"elementor-element elementor-element-59993cc elementor-widget elementor-widget-image\" data-id=\"59993cc\" data-element_type=\"widget\" data-e-type=\"widget\" data-widget_type=\"image.default\">\n\t\t\t\t<div class=\"elementor-widget-container\">\n\t\t\t\t\t\t\t\t\t\t\t\t\t\t\t<img fetchpriority=\"high\" decoding=\"async\" width=\"724\" height=\"1024\" src=\"https:\/\/www.tangomatto.fi\/wp-content\/uploads\/2026\/04\/Kopio-Uusi-menupohja-1-724x1024.jpg\" class=\"attachment-large size-large wp-image-2111\" alt=\"\" srcset=\"https:\/\/www.tangomatto.fi\/wp-content\/uploads\/2026\/04\/Kopio-Uusi-menupohja-1-724x1024.jpg 724w, https:\/\/www.tangomatto.fi\/wp-content\/uploads\/2026\/04\/Kopio-Uusi-menupohja-1-212x300.jpg 212w, https:\/\/www.tangomatto.fi\/wp-content\/uploads\/2026\/04\/Kopio-Uusi-menupohja-1-768x1086.jpg 768w, https:\/\/www.tangomatto.fi\/wp-content\/uploads\/2026\/04\/Kopio-Uusi-menupohja-1-1086x1536.jpg 1086w, https:\/\/www.tangomatto.fi\/wp-content\/uploads\/2026\/04\/Kopio-Uusi-menupohja-1-604x855.jpg 604w, https:\/\/www.tangomatto.fi\/wp-content\/uploads\/2026\/04\/Kopio-Uusi-menupohja-1.jpg 1414w\" sizes=\"(max-width: 724px) 100vw, 724px\" \/>\t\t\t\t\t\t\t\t\t\t\t\t\t\t\t<\/div>\n\t\t\t\t<\/div>\n\t\t\t\t\t<\/div>\n\t\t<\/div>\n\t\t\t\t\t<\/div>\n\t\t<\/section>\n\t\t\t\t\t<\/div>\n\t\t<\/div>\n\t\t\t\t\t<\/div>\n\t\t<\/section>\n\t\t\t\t<section class=\"elementor-section elementor-top-section elementor-element elementor-element-ba39701 elementor-section-boxed elementor-section-height-default elementor-section-height-default\" data-id=\"ba39701\" data-element_type=\"section\" data-e-type=\"section\">\n\t\t\t\t\t\t\t<div class=\"elementor-background-overlay\"><\/div>\n\t\t\t\t\t\t\t<div class=\"elementor-container elementor-column-gap-default\">\n\t\t\t\t\t<div class=\"elementor-column elementor-col-100 elementor-top-column elementor-element elementor-element-2fbd10c\" data-id=\"2fbd10c\" data-element_type=\"column\" data-e-type=\"column\">\n\t\t\t<div class=\"elementor-widget-wrap elementor-element-populated\">\n\t\t\t\t\t\t<div class=\"elementor-element elementor-element-c92c086 elementor-widget elementor-widget-heading\" data-id=\"c92c086\" data-element_type=\"widget\" data-e-type=\"widget\" data-widget_type=\"heading.default\">\n\t\t\t\t<div class=\"elementor-widget-container\">\n\t\t\t\t\t<h1 class=\"elementor-heading-title elementor-size-default\">Ryhm\u00e4t &amp; yksityistilaisuudet<\/h1>\t\t\t\t<\/div>\n\t\t\t\t<\/div>\n\t\t\t\t<div class=\"elementor-element elementor-element-51c0a69 elementor-widget elementor-widget-heading\" data-id=\"51c0a69\" data-element_type=\"widget\" data-e-type=\"widget\" data-widget_type=\"heading.default\">\n\t\t\t\t<div class=\"elementor-widget-container\">\n\t\t\t\t\t<h2 class=\"elementor-heading-title elementor-size-default\">Ryhm\u00e4menut &amp; yksityistilaisuudet seurueelle 6-32 henkil\u00f6n tilaisuuksiin, illanistujaisiin, yrityksille tai yst\u00e4v\u00e4porukalle. \n\nOle yhteydess\u00e4 ja l\u00e4hdet\u00e4\u00e4n suunittelemaan teille mielt\u00e4 l\u00e4mmitt\u00e4v\u00e4 tilaisuus.\n\nbistro@tangomatto.fi<\/h2>\t\t\t\t<\/div>\n\t\t\t\t<\/div>\n\t\t\t\t\t<\/div>\n\t\t<\/div>\n\t\t\t\t\t<\/div>\n\t\t<\/section>\n\t\t\t\t<\/div>\n\t\t","protected":false},"excerpt":{"rendered":"<p>Tervetuloa nauttimaan menustamme, joka tarjoaa huolella valitut ja sesongin\u00a0parhaista raaka-aineista valmistetut annokset.\u00a0 Sama toteutuu salin puolella valittujen ja suunniteltujen juomien<span class=\"more-dots\">&#8230;<\/span><\/p>\n","protected":false},"author":1,"featured_media":0,"parent":0,"menu_order":0,"comment_status":"closed","ping_status":"closed","template":"elementor_header_footer","meta":{"footnotes":""},"class_list":["post-8","page","type-page","status-publish","hentry","no-post-thumbnail"],"_links":{"self":[{"href":"https:\/\/www.tangomatto.fi\/index.php\/wp-json\/wp\/v2\/pages\/8","targetHints":{"allow":["GET"]}}],"collection":[{"href":"https:\/\/www.tangomatto.fi\/index.php\/wp-json\/wp\/v2\/pages"}],"about":[{"href":"https:\/\/www.tangomatto.fi\/index.php\/wp-json\/wp\/v2\/types\/page"}],"author":[{"embeddable":true,"href":"https:\/\/www.tangomatto.fi\/index.php\/wp-json\/wp\/v2\/users\/1"}],"replies":[{"embeddable":true,"href":"https:\/\/www.tangomatto.fi\/index.php\/wp-json\/wp\/v2\/comments?post=8"}],"version-history":[{"count":478,"href":"https:\/\/www.tangomatto.fi\/index.php\/wp-json\/wp\/v2\/pages\/8\/revisions"}],"predecessor-version":[{"id":2114,"href":"https:\/\/www.tangomatto.fi\/index.php\/wp-json\/wp\/v2\/pages\/8\/revisions\/2114"}],"wp:attachment":[{"href":"https:\/\/www.tangomatto.fi\/index.php\/wp-json\/wp\/v2\/media?parent=8"}],"curies":[{"name":"wp","href":"https:\/\/api.w.org\/{rel}","templated":true}]}}